{"id":17,"date":"2022-04-26T07:31:20","date_gmt":"2022-04-26T07:31:20","guid":{"rendered":"https:\/\/patiotime.loftocean.com\/demo4\/?page_id=17"},"modified":"2026-03-31T13:33:34","modified_gmt":"2026-03-31T13:33:34","slug":"menu-bijdenboer","status":"publish","type":"page","link":"https:\/\/www.bijdenboer.com\/nl\/menu-bijdenboer\/","title":{"rendered":"Menu Bijdenboer"},"content":{"rendered":"<div data-elementor-type=\"wp-page\" data-elementor-id=\"17\" class=\"elementor elementor-17\" data-elementor-post-type=\"page\">\n\t\t\t\t\t\t<section class=\"elementor-section elementor-top-section elementor-element elementor-element-ed0abbd elementor-section-full_width elementor-section-height-min-height elementor-section-items-stretch elementor-reverse-mobile elementor-section-height-default\" data-id=\"ed0abbd\" data-element_type=\"section\" data-settings=\"{&quot;background_background&quot;:&quot;classic&quot;}\">\n\t\t\t\t\t\t<div class=\"elementor-container elementor-column-gap-no\">\n\t\t\t\t\t<div class=\"elementor-column elementor-col-50 elementor-top-column elementor-element elementor-element-2c53e15\" data-id=\"2c53e15\" data-element_type=\"column\">\n\t\t\t<div class=\"elementor-widget-wrap elementor-element-populated\">\n\t\t\t\t\t\t<div class=\"elementor-element elementor-element-77a43c0 elementor-widget elementor-widget-pt_title\" data-id=\"77a43c0\" data-element_type=\"widget\" data-widget_type=\"pt_title.default\">\n\t\t\t\t<div class=\"elementor-widget-container\">\n\t\t\t\t\t\n        <div class=\"pt-title-wrap\">\t            <h5 class=\"pt-title\">\n\t                Menu Bijdenboer\t            <\/h5>\t            <div class=\"pt-title-text\">\n\t                <p>Onze verse viskaart wordt elke maand vernieuwd om u een uitzonderlijke en seizoensgebonden eetervaring te bieden.\u00a0<\/p>\t            <\/div>        <\/div>\t\t\t\t<\/div>\n\t\t\t\t<\/div>\n\t\t\t\t<div class=\"elementor-element elementor-element-5f9a7a6 elementor-widget elementor-widget-pt_button\" data-id=\"5f9a7a6\" data-element_type=\"widget\" data-widget_type=\"pt_button.default\">\n\t\t\t\t<div class=\"elementor-widget-container\">\n\t\t\t\t\t\n\t\t\t\t\t\t<div class=\"pt-button-popup pt-popup pt-popup-box pt-button-popup-5f9a7a6\" data-popup-hash=\"a5b845cbd2081fb9f87c1714c89231ed\">\n\t\t\t\t\t\t\t\t\t\t\t\t\t\t<span class=\"close-button\">Close<\/span>\n\t\t\t\t\t\t\t<div class=\"container\">\t\t\t<link rel=\"stylesheet\" id=\"elementor-post-458-css\" href=\"https:\/\/www.bijdenboer.com\/wp-content\/uploads\/elementor\/css\/post-458.css?ver=1775617511\" type=\"text\/css\" media=\"all\">\t\t<div data-elementor-type=\"wp-post\" data-elementor-id=\"458\" class=\"elementor elementor-458\" data-elementor-post-type=\"custom_blocks\">\n\t\t\t\t\t\t<section class=\"elementor-section elementor-top-section elementor-element elementor-element-f6b1156 elementor-section-boxed elementor-section-height-default elementor-section-height-default\" data-id=\"f6b1156\" data-element_type=\"section\">\n\t\t\t\t\t\t<div class=\"elementor-container elementor-column-gap-default\">\n\t\t\t\t\t<div class=\"elementor-column elementor-col-100 elementor-top-column elementor-element elementor-element-b48734c\" data-id=\"b48734c\" data-element_type=\"column\">\n\t\t\t<div class=\"elementor-widget-wrap elementor-element-populated\">\n\t\t\t\t\t\t<div class=\"elementor-element elementor-element-b0d4c9e elementor-widget elementor-widget-pt_title\" data-id=\"b0d4c9e\" data-element_type=\"widget\" data-widget_type=\"pt_title.default\">\n\t\t\t\t<div class=\"elementor-widget-container\">\n\t\t\t\t\t\n        <div class=\"pt-title-wrap text-center\">\t            <h6 class=\"pt-title\">\n\t                Reservering\t            <\/h6>\t            <div class=\"pt-title-text\">\n\t                <p>Telefonisch reserveren ook mogelijk: +32 (2) 512 61 22.<br \/><strong>Voor groepen vanaf 10 personen is telefonisch reserveren verplicht.<\/strong> <br \/>Op woensdag, zondag en feestdagen zijn wij gesloten.<\/p>\t            <\/div>        <\/div>\t\t\t\t<\/div>\n\t\t\t\t<\/div>\n\t\t\t\t\t<\/div>\n\t\t<\/div>\n\t\t\t\t\t<\/div>\n\t\t<\/section>\n\t\t\t\t<section class=\"elementor-section elementor-top-section elementor-element elementor-element-285b673 elementor-section-boxed elementor-section-height-default elementor-section-height-default\" data-id=\"285b673\" data-element_type=\"section\">\n\t\t\t\t\t\t<div class=\"elementor-container elementor-column-gap-default\">\n\t\t\t\t\t<div class=\"elementor-column elementor-col-100 elementor-top-column elementor-element elementor-element-5feed79\" data-id=\"5feed79\" data-element_type=\"column\">\n\t\t\t<div class=\"elementor-widget-wrap elementor-element-populated\">\n\t\t\t\t\t\t<div class=\"elementor-element elementor-element-c0ff205 elementor-widget elementor-widget-shortcode\" data-id=\"c0ff205\" data-element_type=\"widget\" data-widget_type=\"shortcode.default\">\n\t\t\t\t<div class=\"elementor-widget-container\">\n\t\t\t\t\t\t\t<div class=\"elementor-shortcode\"><iframe src='https:\/\/bookings.zenchef.com\/results?rid=367316&pid=1001&isPreview=1' frameborder='0' scrolling='yes' width='100%' height='630' style='display: block; margin: 0 auto; max-width: 600px; height:630px;'><\/iframe><\/div>\n\t\t\t\t\t\t<\/div>\n\t\t\t\t<\/div>\n\t\t\t\t\t<\/div>\n\t\t<\/div>\n\t\t\t\t\t<\/div>\n\t\t<\/section>\n\t\t\t\t<\/div>\n\t\t<\/div>\n\t\t\t\t\t\t<\/div>        <a href=\"#custom-block\/popup-reservation\/\" class=\"elementor-button-link button popup-box-enabled\" role=\"button\" data-popup-hash=\"a5b845cbd2081fb9f87c1714c89231ed\">\n            <span class=\"pt-btn-text\">reservering<\/span>\n        <\/a>\t\t\t\t<\/div>\n\t\t\t\t<\/div>\n\t\t\t\t\t<\/div>\n\t\t<\/div>\n\t\t\t\t<div class=\"elementor-column elementor-col-50 elementor-top-column elementor-element elementor-element-6a02e35\" data-id=\"6a02e35\" data-element_type=\"column\" data-settings=\"{&quot;background_background&quot;:&quot;classic&quot;}\">\n\t\t\t<div class=\"elementor-widget-wrap elementor-element-populated\">\n\t\t\t\t\t\t<div class=\"elementor-element elementor-element-79dbaf7 elementor-widget elementor-widget-spacer\" data-id=\"79dbaf7\" data-element_type=\"widget\" data-widget_type=\"spacer.default\">\n\t\t\t\t<div class=\"elementor-widget-container\">\n\t\t\t\t\t\t\t<div class=\"elementor-spacer\">\n\t\t\t<div class=\"elementor-spacer-inner\"><\/div>\n\t\t<\/div>\n\t\t\t\t\t\t<\/div>\n\t\t\t\t<\/div>\n\t\t\t\t\t<\/div>\n\t\t<\/div>\n\t\t\t\t\t<\/div>\n\t\t<\/section>\n\t\t\t\t<section class=\"elementor-section elementor-top-section elementor-element elementor-element-caccce4 elementor-section-full_width elementor-section-height-min-height elementor-section-items-stretch elementor-section-height-default\" data-id=\"caccce4\" data-element_type=\"section\" data-settings=\"{&quot;background_background&quot;:&quot;classic&quot;}\">\n\t\t\t\t\t\t<div class=\"elementor-container elementor-column-gap-no\">\n\t\t\t\t\t<div class=\"elementor-column elementor-col-50 elementor-top-column elementor-element elementor-element-9ddb1d8\" data-id=\"9ddb1d8\" data-element_type=\"column\" data-settings=\"{&quot;background_background&quot;:&quot;classic&quot;}\">\n\t\t\t<div class=\"elementor-widget-wrap elementor-element-populated\">\n\t\t\t\t\t\t<div class=\"elementor-element elementor-element-4e03b0a elementor-widget elementor-widget-spacer\" data-id=\"4e03b0a\" data-element_type=\"widget\" data-widget_type=\"spacer.default\">\n\t\t\t\t<div class=\"elementor-widget-container\">\n\t\t\t\t\t\t\t<div class=\"elementor-spacer\">\n\t\t\t<div class=\"elementor-spacer-inner\"><\/div>\n\t\t<\/div>\n\t\t\t\t\t\t<\/div>\n\t\t\t\t<\/div>\n\t\t\t\t\t<\/div>\n\t\t<\/div>\n\t\t\t\t<div class=\"elementor-column elementor-col-50 elementor-top-column elementor-element elementor-element-df860e7\" data-id=\"df860e7\" data-element_type=\"column\">\n\t\t\t<div class=\"elementor-widget-wrap elementor-element-populated\">\n\t\t\t\t\t\t<div class=\"elementor-element elementor-element-8287bf2 pt-animation-medium-offset elementor-invisible elementor-widget elementor-widget-pt_title\" data-id=\"8287bf2\" data-element_type=\"widget\" data-settings=\"{&quot;_animation&quot;:&quot;fadeInUp&quot;,&quot;_animation_delay&quot;:100}\" data-widget_type=\"pt_title.default\">\n\t\t\t\t<div class=\"elementor-widget-container\">\n\t\t\t\t\t\n        <div class=\"pt-title-wrap text-center\">\t            <div class=\"pt-subtitle-wrap\"><span class=\"pt-subtitle color-secondary\">40\u20ac par personne<\/span><\/div>\t            <h5 class=\"pt-title\">\n\t                Menu Bijdenboer\t            <\/h5>\t            <div class=\"pt-title-text\">\n\t                <p>*<\/p><p>Vissoep of dagsoep<br \/>&#8212;&#8212;&#8212;&#8212;&#8212;&#8212;&#8212;<strong><span style=\"text-decoration: underline;\"><br \/>Voorgerechten naar keuze<\/span><\/strong><\/p><p>Carpaccio van tomaten, burrata, vinaigrette van rucola<\/p><p>Gemarineerde Corvina (spaanse zeebaars) limoen<\/p><p>Jacobs vruchten gebakken  met Thaise asperges (suppl 7\u20ac)<\/p><p>6 Hooge Kraaier (suppl 7\u20ac)<\/p><p>Garnaalkroket (1stuk)\u00a0<\/p><p>Huisgemaakte ganzenlever met Armagnac en gorilla peper (suppl 7\u20ac)\u00a0<\/p><p>&#8212;&#8212;&#8212;&#8212;&#8212;&#8212;&#8212;<br \/><strong><span style=\"text-decoration: underline;\">Keuze uit gerechten<\/span><\/strong><br \/>Koolvishaas, groene groenten, garnalen en blanke boter saus<\/p><p>Vishamburger van roodbaars ,wakame en soja mayonnaise<\/p><p>Baby zeeduivel, jacobsvruchten, asperges en truffel olie (suppl 9\u20ac)<\/p><p>Steak van tonijn gegrild, tortilla en salsa van tomaten (suppl 10\u20ac)<\/p><p>Iers rundsvlees gekookt op lavasteen (suppl 7\u20ac)\u00a0<\/p><p>Stoofvlees op Vlaamse Wijze<\/p><p>Kalfsschouder gegaard op lage temperatuur, krielaardappels, witloof<\/p><p>&#8212;&#8212;&#8212;&#8212;&#8212;&#8212;&#8212;<br \/><strong><span style=\"text-decoration: underline;\">Dessert<\/span><\/strong><\/p><p>*<\/p>\t            <\/div>        <\/div>\t\t\t\t<\/div>\n\t\t\t\t<\/div>\n\t\t\t\t\t<\/div>\n\t\t<\/div>\n\t\t\t\t\t<\/div>\n\t\t<\/section>\n\t\t\t\t<\/div>","protected":false},"excerpt":{"rendered":"<p>Menu Bijdenboer Notre menu de poissons frais est renouvel\u00e9 chaque mois pour vous offrir une exp\u00e9rience culinaire exceptionnelle et saisonni\u00e8re.\u00a0 r\u00e9servation 40\u20ac par personne Menu Bijdenboer * Soupe de poissons ou potage du jour&#8212;&#8212;&#8212;&#8212;&#8212;&#8212;&#8212;Entr\u00e9es au choix Carpaccio de tomates, burrata, vinaigrette de rucola Corvina (bar Espagnol) marin\u00e9e citron vert Coquille st jacques r\u00f4ti, aux asperges &#8230;<\/p>","protected":false},"author":2,"featured_media":0,"parent":0,"menu_order":0,"comment_status":"closed","ping_status":"closed","template":"template-wide-content.php","meta":{"patiotime_single_page_hide_site_header":"","patiotime_single_page_site_header_source":"custom","patiotime_single_page_custom_site_header":"299","patiotime_single_page_custom_sticky_site_header":"0","patiotime_single_page_custom_page_title_margin_top_source":"","patiotime_single_page_custom_page_title_desktop_margin_top":"","patiotime_single_page_custom_page_title_tablet_margin_top":"","patiotime_single_page_custom_page_title_mobile_margin_top":"","patiotime_single_page_hide_page_title":"on","patiotime_single_page_header_section_size":"","patiotime_single_page_header_background_color":"","patiotime_single_page_header_background_position_x":"center","patiotime_single_page_header_background_position_y":"center","patiotime_single_page_header_background_size":"cover","patiotime_single_page_header_background_repeat":"off","patiotime_single_page_header_background_scroll":"on","patiotime_single_page_header_text_color":"","patiotime_single_page_header_show_breadcrumb":"","patiotime_single_page_site_footer_hide_main":"","patiotime_single_custom_site_footer_main_source":"","patiotime_single_custom_site_footer_main":"0","patiotime_single_page_site_footer_hide_above":"","patiotime_single_custom_site_footer_above_source":"","patiotime_single_custom_site_footer_above":"0","patiotime_single_page_site_footer_hide_instagram":"","patiotime_single_page_site_footer_hide_bottom":"","patiotime_single_custom_mobile_menu_source":"","patiotime_single_custom_mobile_menu":"0","patiotime_single_custom_mobile_menu_animation":"","patiotime_single_custom_mobile_menu_width":"","patiotime_single_custom_mobile_menu_custom_width":375,"footnotes":""},"class_list":["post-17","page","type-page","status-publish","hentry"],"yoast_head":"<!-- This site is optimized with the Yoast SEO plugin v26.7 - https:\/\/yoast.com\/wordpress\/plugins\/seo\/ -->\n<title>Menu Bijdenboer - Bijdenboer<\/title>\n<meta name=\"robots\" content=\"index, follow, max-snippet:-1, max-image-preview:large, max-video-preview:-1\" \/>\n<link rel=\"canonical\" href=\"https:\/\/www.bijdenboer.com\/nl\/menu-bijdenboer\/\" \/>\n<meta property=\"og:locale\" content=\"nl_BE\" \/>\n<meta property=\"og:type\" content=\"article\" \/>\n<meta property=\"og:title\" content=\"Menu Bijdenboer - Bijdenboer\" \/>\n<meta property=\"og:description\" content=\"Menu Bijdenboer Notre menu de poissons frais est renouvel\u00e9 chaque mois pour vous offrir une exp\u00e9rience culinaire exceptionnelle et saisonni\u00e8re.\u00a0 r\u00e9servation 40\u20ac par personne Menu Bijdenboer * Soupe de poissons ou potage du jour&#8212;&#8212;&#8212;&#8212;&#8212;&#8212;&#8212;Entr\u00e9es au choix Carpaccio de tomates, burrata, vinaigrette de rucola Corvina (bar Espagnol) marin\u00e9e citron vert Coquille st jacques r\u00f4ti, aux asperges ...\" \/>\n<meta property=\"og:url\" content=\"https:\/\/www.bijdenboer.com\/nl\/menu-bijdenboer\/\" \/>\n<meta property=\"og:site_name\" content=\"Bijdenboer\" \/>\n<meta property=\"article:modified_time\" content=\"2026-03-31T13:33:34+00:00\" \/>\n<meta name=\"twitter:card\" content=\"summary_large_image\" \/>\n<meta name=\"twitter:label1\" content=\"Geschatte leestijd\" \/>\n\t<meta name=\"twitter:data1\" content=\"2 minuten\" \/>\n<script type=\"application\/ld+json\" class=\"yoast-schema-graph\">{\"@context\":\"https:\/\/schema.org\",\"@graph\":[{\"@type\":\"WebPage\",\"@id\":\"https:\/\/www.bijdenboer.com\/menu-bijdenboer\/\",\"url\":\"https:\/\/www.bijdenboer.com\/menu-bijdenboer\/\",\"name\":\"Menu Bijdenboer - Bijdenboer\",\"isPartOf\":{\"@id\":\"https:\/\/www.bijdenboer.com\/#website\"},\"datePublished\":\"2022-04-26T07:31:20+00:00\",\"dateModified\":\"2026-03-31T13:33:34+00:00\",\"breadcrumb\":{\"@id\":\"https:\/\/www.bijdenboer.com\/menu-bijdenboer\/#breadcrumb\"},\"inLanguage\":\"nl-BE\",\"potentialAction\":[{\"@type\":\"ReadAction\",\"target\":[\"https:\/\/www.bijdenboer.com\/menu-bijdenboer\/\"]}]},{\"@type\":\"BreadcrumbList\",\"@id\":\"https:\/\/www.bijdenboer.com\/menu-bijdenboer\/#breadcrumb\",\"itemListElement\":[{\"@type\":\"ListItem\",\"position\":1,\"name\":\"Home\",\"item\":\"https:\/\/www.bijdenboer.com\/\"},{\"@type\":\"ListItem\",\"position\":2,\"name\":\"Menu Bijdenboer\"}]},{\"@type\":\"WebSite\",\"@id\":\"https:\/\/www.bijdenboer.com\/#website\",\"url\":\"https:\/\/www.bijdenboer.com\/\",\"name\":\"Bijdenboer\",\"description\":\"Restaurant de poissons\",\"potentialAction\":[{\"@type\":\"SearchAction\",\"target\":{\"@type\":\"EntryPoint\",\"urlTemplate\":\"https:\/\/www.bijdenboer.com\/?s={search_term_string}\"},\"query-input\":{\"@type\":\"PropertyValueSpecification\",\"valueRequired\":true,\"valueName\":\"search_term_string\"}}],\"inLanguage\":\"nl-BE\"}]}<\/script>\n<!-- \/ Yoast SEO plugin. -->","yoast_head_json":{"title":"Menu Bijdenboer - Bijdenboer","robots":{"index":"index","follow":"follow","max-snippet":"max-snippet:-1","max-image-preview":"max-image-preview:large","max-video-preview":"max-video-preview:-1"},"canonical":"https:\/\/www.bijdenboer.com\/nl\/menu-bijdenboer\/","og_locale":"nl_BE","og_type":"article","og_title":"Menu Bijdenboer - Bijdenboer","og_description":"Menu Bijdenboer Notre menu de poissons frais est renouvel\u00e9 chaque mois pour vous offrir une exp\u00e9rience culinaire exceptionnelle et saisonni\u00e8re.\u00a0 r\u00e9servation 40\u20ac par personne Menu Bijdenboer * Soupe de poissons ou potage du jour&#8212;&#8212;&#8212;&#8212;&#8212;&#8212;&#8212;Entr\u00e9es au choix Carpaccio de tomates, burrata, vinaigrette de rucola Corvina (bar Espagnol) marin\u00e9e citron vert Coquille st jacques r\u00f4ti, aux asperges ...","og_url":"https:\/\/www.bijdenboer.com\/nl\/menu-bijdenboer\/","og_site_name":"Bijdenboer","article_modified_time":"2026-03-31T13:33:34+00:00","twitter_card":"summary_large_image","twitter_misc":{"Geschatte leestijd":"2 minuten"},"schema":{"@context":"https:\/\/schema.org","@graph":[{"@type":"WebPage","@id":"https:\/\/www.bijdenboer.com\/menu-bijdenboer\/","url":"https:\/\/www.bijdenboer.com\/menu-bijdenboer\/","name":"Menu Bijdenboer - Bijdenboer","isPartOf":{"@id":"https:\/\/www.bijdenboer.com\/#website"},"datePublished":"2022-04-26T07:31:20+00:00","dateModified":"2026-03-31T13:33:34+00:00","breadcrumb":{"@id":"https:\/\/www.bijdenboer.com\/menu-bijdenboer\/#breadcrumb"},"inLanguage":"nl-BE","potentialAction":[{"@type":"ReadAction","target":["https:\/\/www.bijdenboer.com\/menu-bijdenboer\/"]}]},{"@type":"BreadcrumbList","@id":"https:\/\/www.bijdenboer.com\/menu-bijdenboer\/#breadcrumb","itemListElement":[{"@type":"ListItem","position":1,"name":"Home","item":"https:\/\/www.bijdenboer.com\/"},{"@type":"ListItem","position":2,"name":"Menu Bijdenboer"}]},{"@type":"WebSite","@id":"https:\/\/www.bijdenboer.com\/#website","url":"https:\/\/www.bijdenboer.com\/","name":"Bijdenboer","description":"Restaurant de poissons","potentialAction":[{"@type":"SearchAction","target":{"@type":"EntryPoint","urlTemplate":"https:\/\/www.bijdenboer.com\/?s={search_term_string}"},"query-input":{"@type":"PropertyValueSpecification","valueRequired":true,"valueName":"search_term_string"}}],"inLanguage":"nl-BE"}]}},"_links":{"self":[{"href":"https:\/\/www.bijdenboer.com\/nl\/wp-json\/wp\/v2\/pages\/17","targetHints":{"allow":["GET"]}}],"collection":[{"href":"https:\/\/www.bijdenboer.com\/nl\/wp-json\/wp\/v2\/pages"}],"about":[{"href":"https:\/\/www.bijdenboer.com\/nl\/wp-json\/wp\/v2\/types\/page"}],"author":[{"embeddable":true,"href":"https:\/\/www.bijdenboer.com\/nl\/wp-json\/wp\/v2\/users\/2"}],"replies":[{"embeddable":true,"href":"https:\/\/www.bijdenboer.com\/nl\/wp-json\/wp\/v2\/comments?post=17"}],"version-history":[{"count":164,"href":"https:\/\/www.bijdenboer.com\/nl\/wp-json\/wp\/v2\/pages\/17\/revisions"}],"predecessor-version":[{"id":3155,"href":"https:\/\/www.bijdenboer.com\/nl\/wp-json\/wp\/v2\/pages\/17\/revisions\/3155"}],"wp:attachment":[{"href":"https:\/\/www.bijdenboer.com\/nl\/wp-json\/wp\/v2\/media?parent=17"}],"curies":[{"name":"wp","href":"https:\/\/api.w.org\/{rel}","templated":true}]}}