{"id":11,"date":"2022-04-26T07:29:35","date_gmt":"2022-04-26T07:29:35","guid":{"rendered":"https:\/\/patiotime.loftocean.com\/demo4\/?page_id=11"},"modified":"2023-04-21T11:56:54","modified_gmt":"2023-04-21T11:56:54","slug":"a-propos","status":"publish","type":"page","link":"https:\/\/www.bijdenboer.com\/nl\/a-propos\/","title":{"rendered":"Over"},"content":{"rendered":"<div data-elementor-type=\"wp-page\" data-elementor-id=\"11\" class=\"elementor elementor-11\" data-elementor-post-type=\"page\">\n\t\t\t\t\t\t<section class=\"elementor-section elementor-top-section elementor-element elementor-element-bc11931 elementor-section-full_width elementor-section-height-min-height elementor-section-items-stretch elementor-reverse-mobile elementor-section-height-default\" data-id=\"bc11931\" data-element_type=\"section\" data-settings=\"{&quot;background_background&quot;:&quot;classic&quot;}\">\n\t\t\t\t\t\t<div class=\"elementor-container elementor-column-gap-no\">\n\t\t\t\t\t<div class=\"elementor-column elementor-col-50 elementor-top-column elementor-element elementor-element-ad98aad\" data-id=\"ad98aad\" data-element_type=\"column\">\n\t\t\t<div class=\"elementor-widget-wrap elementor-element-populated\">\n\t\t\t\t\t\t<div class=\"elementor-element elementor-element-83ee590 elementor-widget elementor-widget-pt_title\" data-id=\"83ee590\" data-element_type=\"widget\" data-widget_type=\"pt_title.default\">\n\t\t\t\t<div class=\"elementor-widget-container\">\n\t\t\t\t\t\n        <div class=\"pt-title-wrap\">\t            <div class=\"pt-subtitle-wrap\"><span class=\"pt-subtitle color-secondary\">Over Bij den Boer<\/span><\/div>\t            <h4 class=\"pt-title\">\n\t                Onze geschiedenis\t            <\/h4>\t            <div class=\"pt-title-text\">\n\t                <p>Welkom in ons zeevruchten- en verse visrestaurant! We zijn verheugd u te mogen verwelkomen in ons etablissement en u kennis te laten maken met onze passie voor visproducten, al meer dan 30 jaar.<\/p><p>Ons menu is zorgvuldig samengesteld om de smaken en texturen van verschillende soorten vis te laten zien.\u00a0<\/p><p>We zijn ervan overtuigd dat de kwaliteit van onze ingredi\u00ebnten de sleutel is tot het cre\u00ebren van uitzonderlijke gerechten. Daarom gebruikt ons team van ervaren chef-koks de beste bereidingstechnieken om u een unieke culinaire ervaring te bieden.<\/p><p>We maken er ook een erezaak van om een \u200b\u200bwarme en professionele service aan te bieden zodat u een aangename en onvergetelijke tijd bij ons beleeft.<\/p><p>Aarzel dus niet langer en kom bij ons langs om onze verse en smaakvolle visspecialiteiten te proeven!<\/p>\t            <\/div>        <\/div>\t\t\t\t<\/div>\n\t\t\t\t<\/div>\n\t\t\t\t<div class=\"elementor-element elementor-element-bb92d6e elementor-widget elementor-widget-image\" data-id=\"bb92d6e\" data-element_type=\"widget\" data-widget_type=\"image.default\">\n\t\t\t\t<div class=\"elementor-widget-container\">\n\t\t\t\t\t\t\t\t\t\t\t\t\t\t\t<img fetchpriority=\"high\" decoding=\"async\" width=\"600\" height=\"131\" src=\"https:\/\/www.bijdenboer.com\/wp-content\/uploads\/2023\/03\/logo-1380x302-1-600x131.png\" class=\"attachment-patiotime_600x9999 size-patiotime_600x9999 wp-image-1426\" alt=\"\" srcset=\"https:\/\/www.bijdenboer.com\/wp-content\/uploads\/2023\/03\/logo-1380x302-1-600x131.png 600w, https:\/\/www.bijdenboer.com\/wp-content\/uploads\/2023\/03\/logo-1380x302-1-300x66.png 300w, https:\/\/www.bijdenboer.com\/wp-content\/uploads\/2023\/03\/logo-1380x302-1-1024x224.png 1024w, https:\/\/www.bijdenboer.com\/wp-content\/uploads\/2023\/03\/logo-1380x302-1-768x168.png 768w, https:\/\/www.bijdenboer.com\/wp-content\/uploads\/2023\/03\/logo-1380x302-1-18x4.png 18w, https:\/\/www.bijdenboer.com\/wp-content\/uploads\/2023\/03\/logo-1380x302-1-1200x263.png 1200w, https:\/\/www.bijdenboer.com\/wp-content\/uploads\/2023\/03\/logo-1380x302-1-780x171.png 780w, https:\/\/www.bijdenboer.com\/wp-content\/uploads\/2023\/03\/logo-1380x302-1-550x120.png 550w, https:\/\/www.bijdenboer.com\/wp-content\/uploads\/2023\/03\/logo-1380x302-1-370x81.png 370w, https:\/\/www.bijdenboer.com\/wp-content\/uploads\/2023\/03\/logo-1380x302-1-255x56.png 255w, https:\/\/www.bijdenboer.com\/wp-content\/uploads\/2023\/03\/logo-1380x302-1.png 1380w\" sizes=\"(max-width: 600px) 100vw, 600px\" \/>\t\t\t\t\t\t\t\t\t\t\t\t\t\t\t<\/div>\n\t\t\t\t<\/div>\n\t\t\t\t\t<\/div>\n\t\t<\/div>\n\t\t\t\t<div class=\"elementor-column elementor-col-50 elementor-top-column elementor-element elementor-element-13d06c0\" data-id=\"13d06c0\" data-element_type=\"column\" data-settings=\"{&quot;background_background&quot;:&quot;classic&quot;}\">\n\t\t\t<div class=\"elementor-widget-wrap elementor-element-populated\">\n\t\t\t\t\t\t<div class=\"elementor-element elementor-element-284d073 elementor-widget elementor-widget-spacer\" data-id=\"284d073\" data-element_type=\"widget\" data-widget_type=\"spacer.default\">\n\t\t\t\t<div class=\"elementor-widget-container\">\n\t\t\t\t\t\t\t<div class=\"elementor-spacer\">\n\t\t\t<div class=\"elementor-spacer-inner\"><\/div>\n\t\t<\/div>\n\t\t\t\t\t\t<\/div>\n\t\t\t\t<\/div>\n\t\t\t\t\t<\/div>\n\t\t<\/div>\n\t\t\t\t\t<\/div>\n\t\t<\/section>\n\t\t\t\t<section class=\"elementor-section elementor-top-section elementor-element elementor-element-e02338b elementor-section-full_width elementor-section-height-min-height elementor-section-items-stretch elementor-section-height-default\" data-id=\"e02338b\" data-element_type=\"section\" data-settings=\"{&quot;background_background&quot;:&quot;classic&quot;}\">\n\t\t\t\t\t\t<div class=\"elementor-container elementor-column-gap-no\">\n\t\t\t\t\t<div class=\"elementor-column elementor-col-50 elementor-top-column elementor-element elementor-element-adbb78a\" data-id=\"adbb78a\" data-element_type=\"column\" data-settings=\"{&quot;background_background&quot;:&quot;classic&quot;}\">\n\t\t\t<div class=\"elementor-widget-wrap elementor-element-populated\">\n\t\t\t\t\t\t<div class=\"elementor-element elementor-element-3b289ea elementor-widget elementor-widget-spacer\" data-id=\"3b289ea\" data-element_type=\"widget\" data-widget_type=\"spacer.default\">\n\t\t\t\t<div class=\"elementor-widget-container\">\n\t\t\t\t\t\t\t<div class=\"elementor-spacer\">\n\t\t\t<div class=\"elementor-spacer-inner\"><\/div>\n\t\t<\/div>\n\t\t\t\t\t\t<\/div>\n\t\t\t\t<\/div>\n\t\t\t\t\t<\/div>\n\t\t<\/div>\n\t\t\t\t<div class=\"elementor-column elementor-col-50 elementor-top-column elementor-element elementor-element-1a1a0fa\" data-id=\"1a1a0fa\" data-element_type=\"column\">\n\t\t\t<div class=\"elementor-widget-wrap elementor-element-populated\">\n\t\t\t\t\t\t<div class=\"elementor-element elementor-element-3a96998 pt-animation-medium-offset elementor-invisible elementor-widget elementor-widget-pt_title\" data-id=\"3a96998\" data-element_type=\"widget\" data-settings=\"{&quot;_animation&quot;:&quot;fadeInUp&quot;,&quot;_animation_delay&quot;:100}\" data-widget_type=\"pt_title.default\">\n\t\t\t\t<div class=\"elementor-widget-container\">\n\t\t\t\t\t\n        <div class=\"pt-title-wrap\">\t            <div class=\"pt-subtitle-wrap\"><span class=\"pt-subtitle color-secondary\">Formule menu<\/span><\/div>\t            <h3 class=\"pt-title\">\n\t                Menu\t            <\/h3>\t            <div class=\"pt-title-text\">\n\t                <p>Notre menu est sujet \u00e0 des changements en fonction de la saisonnalit\u00e9 des produits. Nous sommes \u00e9galement heureux de vous proposer des suggestions du jour ainsi qu&rsquo;un menu \u00ab\u00a0Bijdenboer\u00a0\u00bb, renouvel\u00e9 chaque mois.<\/p><p>Wij houden graag rekening met uw specifieke dieetwensen. Aarzel niet om ons te informeren over eventuele allergie\u00ebn of dieetbeperkingen.<\/p><p>Eet smakelijk !<\/p>\t            <\/div>                <div class=\"pt-title-btn\">\n                    <a class=\"button elementor-button-link pt-btn-color-secondary pt-btn-outline\" role=\"button\" href=\"https:\/\/www.bijdenboer.com\/nl\/menu-bijdenboer\/\">\n                        <span class=\"pt-btn-text\">Menu<\/span>\n                    <\/a>\n                <\/div>\n                    <\/div>\t\t\t\t<\/div>\n\t\t\t\t<\/div>\n\t\t\t\t\t<\/div>\n\t\t<\/div>\n\t\t\t\t\t<\/div>\n\t\t<\/section>\n\t\t\t\t<section class=\"elementor-section elementor-top-section elementor-element elementor-element-642f139f pt-section-content-fullwidth elementor-section-boxed elementor-section-height-default elementor-section-height-default\" data-id=\"642f139f\" data-element_type=\"section\" id=\"philosophy\" data-settings=\"{&quot;background_background&quot;:&quot;classic&quot;}\">\n\t\t\t\t\t\t<div class=\"elementor-container elementor-column-gap-no\">\n\t\t\t\t\t<div class=\"elementor-column elementor-col-100 elementor-top-column elementor-element elementor-element-152d6559\" data-id=\"152d6559\" data-element_type=\"column\">\n\t\t\t<div class=\"elementor-widget-wrap elementor-element-populated\">\n\t\t\t\t\t\t<div class=\"elementor-element elementor-element-510f3066 elementor-invisible elementor-widget elementor-widget-pt_title\" data-id=\"510f3066\" data-element_type=\"widget\" data-settings=\"{&quot;_animation&quot;:&quot;fadeIn&quot;,&quot;_animation_delay&quot;:100}\" data-widget_type=\"pt_title.default\">\n\t\t\t\t<div class=\"elementor-widget-container\">\n\t\t\t\t\t\n        <div class=\"pt-title-wrap text-center\">\t            <div class=\"pt-subtitle-wrap\"><span class=\"pt-subtitle color-secondary\">Bij Den Boer Filosofie<\/span><\/div>\t            <h6 class=\"pt-title\">\n\t                Zeevruchten zijn onze passie, versheid is onze missie en kwaliteit is onze inzet.\t            <\/h6>        <\/div>\t\t\t\t<\/div>\n\t\t\t\t<\/div>\n\t\t\t\t\t<\/div>\n\t\t<\/div>\n\t\t\t\t\t<\/div>\n\t\t<\/section>\n\t\t\t\t<section class=\"elementor-section elementor-top-section elementor-element elementor-element-3ee1838 elementor-section-full_width elementor-section-height-min-height elementor-section-items-stretch elementor-section-height-default\" data-id=\"3ee1838\" data-element_type=\"section\" id=\"experience\" data-settings=\"{&quot;background_background&quot;:&quot;classic&quot;}\">\n\t\t\t\t\t\t<div class=\"elementor-container elementor-column-gap-no\">\n\t\t\t\t\t<div class=\"elementor-column elementor-col-50 elementor-top-column elementor-element elementor-element-b80843d\" data-id=\"b80843d\" data-element_type=\"column\" data-settings=\"{&quot;background_background&quot;:&quot;classic&quot;}\">\n\t\t\t<div class=\"elementor-widget-wrap elementor-element-populated\">\n\t\t\t\t\t\t<div class=\"elementor-element elementor-element-b7bf766 elementor-widget elementor-widget-spacer\" data-id=\"b7bf766\" data-element_type=\"widget\" data-widget_type=\"spacer.default\">\n\t\t\t\t<div class=\"elementor-widget-container\">\n\t\t\t\t\t\t\t<div class=\"elementor-spacer\">\n\t\t\t<div class=\"elementor-spacer-inner\"><\/div>\n\t\t<\/div>\n\t\t\t\t\t\t<\/div>\n\t\t\t\t<\/div>\n\t\t\t\t\t<\/div>\n\t\t<\/div>\n\t\t\t\t<div class=\"elementor-column elementor-col-50 elementor-top-column elementor-element elementor-element-ee62e3c\" data-id=\"ee62e3c\" data-element_type=\"column\">\n\t\t\t<div class=\"elementor-widget-wrap elementor-element-populated\">\n\t\t\t\t\t\t<div class=\"elementor-element elementor-element-24c11cf pt-animation-medium-offset elementor-invisible elementor-widget elementor-widget-pt_title\" data-id=\"24c11cf\" data-element_type=\"widget\" data-settings=\"{&quot;_animation&quot;:&quot;fadeInUp&quot;,&quot;_animation_delay&quot;:100}\" data-widget_type=\"pt_title.default\">\n\t\t\t\t<div class=\"elementor-widget-container\">\n\t\t\t\t\t\n        <div class=\"pt-title-wrap\">\t            <div class=\"pt-subtitle-wrap\"><span class=\"pt-subtitle color-secondary\">Restaurant Bij Den Boer<\/span><\/div>\t            <h5 class=\"pt-title\">\n\t                Onze vestiging\t            <\/h5>\t            <div class=\"pt-title-text\">\n\t                <p>Ons restaurant is gelegen in het hart van Brussel op het beroemde Vismetplein, vlakbij de Sint-Katelijnekerk. We verwelkomen u graag zowel binnen als buiten op ons prachtige terras.<\/p><p>We raden je sterk aan om voor je bezoek je tafel te reserveren.<\/p><p>We kijken ernaar uit u te verwelkomen in ons restaurant en u te voorzien van een uitzonderlijke eetervaring. Aarzel niet ons te contacteren voor vragen of bijkomende verzoeken. Ik kijk ernaar uit u binnenkort te verwelkomen!<\/p>\t            <\/div>        <\/div>\t\t\t\t<\/div>\n\t\t\t\t<\/div>\n\t\t\t\t<div class=\"elementor-element elementor-element-0140f2e elementor-widget elementor-widget-pt_button\" data-id=\"0140f2e\" data-element_type=\"widget\" data-widget_type=\"pt_button.default\">\n\t\t\t\t<div class=\"elementor-widget-container\">\n\t\t\t\t\t\n\t\t\t\t\t\t<div class=\"pt-button-popup pt-popup pt-popup-box pt-button-popup-0140f2e\" data-popup-hash=\"a5b845cbd2081fb9f87c1714c89231ed\">\n\t\t\t\t\t\t\t\t\t\t\t\t\t\t<span class=\"close-button\">Close<\/span>\n\t\t\t\t\t\t\t<div class=\"container\">\t\t\t<link rel=\"stylesheet\" id=\"elementor-post-458-css\" href=\"https:\/\/www.bijdenboer.com\/wp-content\/uploads\/elementor\/css\/post-458.css?ver=1778515330\" type=\"text\/css\" media=\"all\">\t\t<div data-elementor-type=\"wp-post\" data-elementor-id=\"458\" class=\"elementor elementor-458\" data-elementor-post-type=\"custom_blocks\">\n\t\t\t\t\t\t<section class=\"elementor-section elementor-top-section elementor-element elementor-element-f6b1156 elementor-section-boxed elementor-section-height-default elementor-section-height-default\" data-id=\"f6b1156\" data-element_type=\"section\">\n\t\t\t\t\t\t<div class=\"elementor-container elementor-column-gap-default\">\n\t\t\t\t\t<div class=\"elementor-column elementor-col-100 elementor-top-column elementor-element elementor-element-b48734c\" data-id=\"b48734c\" data-element_type=\"column\">\n\t\t\t<div class=\"elementor-widget-wrap elementor-element-populated\">\n\t\t\t\t\t\t<div class=\"elementor-element elementor-element-b0d4c9e elementor-widget elementor-widget-pt_title\" data-id=\"b0d4c9e\" data-element_type=\"widget\" data-widget_type=\"pt_title.default\">\n\t\t\t\t<div class=\"elementor-widget-container\">\n\t\t\t\t\t\n        <div class=\"pt-title-wrap text-center\">\t            <h6 class=\"pt-title\">\n\t                Reservering\t            <\/h6>\t            <div class=\"pt-title-text\">\n\t                <p>Telefonisch reserveren ook mogelijk: +32 (2) 512 61 22.<br \/><strong>Voor groepen vanaf 10 personen is telefonisch reserveren verplicht.<\/strong> <br \/>Op woensdag, zondag en feestdagen zijn wij gesloten.<\/p>\t            <\/div>        <\/div>\t\t\t\t<\/div>\n\t\t\t\t<\/div>\n\t\t\t\t\t<\/div>\n\t\t<\/div>\n\t\t\t\t\t<\/div>\n\t\t<\/section>\n\t\t\t\t<section class=\"elementor-section elementor-top-section elementor-element elementor-element-285b673 elementor-align-center elementor-section-boxed elementor-section-height-default elementor-section-height-default\" data-id=\"285b673\" data-element_type=\"section\">\n\t\t\t\t\t\t<div class=\"elementor-container elementor-column-gap-default\">\n\t\t\t\t\t<div class=\"elementor-column elementor-col-100 elementor-top-column elementor-element elementor-element-5feed79\" data-id=\"5feed79\" data-element_type=\"column\">\n\t\t\t<div class=\"elementor-widget-wrap elementor-element-populated\">\n\t\t\t\t\t\t<div class=\"elementor-element elementor-element-9e608d1 elementor-widget elementor-widget-shortcode\" data-id=\"9e608d1\" data-element_type=\"widget\" data-widget_type=\"shortcode.default\">\n\t\t\t\t<div class=\"elementor-widget-container\">\n\t\t\t\t\t\t\t<div class=\"elementor-shortcode\"><iframe src='https:\/\/bookings.zenchef.com\/results?rid=367316&pid=1001&isPreview=1' frameborder='0' scrolling='yes' width='100%' height='630' style='display: block; margin: 0 auto; max-width: 600px; height:630px;'><\/iframe><\/div>\n\t\t\t\t\t\t<\/div>\n\t\t\t\t<\/div>\n\t\t\t\t\t<\/div>\n\t\t<\/div>\n\t\t\t\t\t<\/div>\n\t\t<\/section>\n\t\t\t\t<\/div>\n\t\t<\/div>\n\t\t\t\t\t\t<\/div>        <a href=\"#custom-block\/popup-reservation\/\" class=\"elementor-button-link button pt-btn-color-secondary popup-box-enabled\" role=\"button\" data-popup-hash=\"a5b845cbd2081fb9f87c1714c89231ed\">\n            <span class=\"pt-btn-text\">Reservering<\/span>\n        <\/a>\t\t\t\t<\/div>\n\t\t\t\t<\/div>\n\t\t\t\t\t<\/div>\n\t\t<\/div>\n\t\t\t\t\t<\/div>\n\t\t<\/section>\n\t\t\t\t<\/div>","protected":false},"excerpt":{"rendered":"<p>A Propos de Bij Den Boer Notre histoire Bienvenue dans notre restaurant de fruits de mer et de poisson frais ! Nous sommes ravis de vous accueillir dans notre \u00e9tablissement et de vous faire d\u00e9couvrir notre passion pour les produits de la mer depuis plus de 30 ans. Notre menu a \u00e9t\u00e9 soigneusement \u00e9labor\u00e9 pour &#8230;<\/p>","protected":false},"author":2,"featured_media":0,"parent":0,"menu_order":0,"comment_status":"closed","ping_status":"closed","template":"template-wide-content.php","meta":{"patiotime_single_page_hide_site_header":"","patiotime_single_page_site_header_source":"","patiotime_single_page_custom_site_header":"0","patiotime_single_page_custom_sticky_site_header":"0","patiotime_single_page_custom_page_title_margin_top_source":"","patiotime_single_page_custom_page_title_desktop_margin_top":"","patiotime_single_page_custom_page_title_tablet_margin_top":"","patiotime_single_page_custom_page_title_mobile_margin_top":"","patiotime_single_page_hide_page_title":"on","patiotime_single_page_header_section_size":"","patiotime_single_page_header_background_color":"","patiotime_single_page_header_background_position_x":"center","patiotime_single_page_header_background_position_y":"center","patiotime_single_page_header_background_size":"cover","patiotime_single_page_header_background_repeat":"off","patiotime_single_page_header_background_scroll":"on","patiotime_single_page_header_text_color":"","patiotime_single_page_header_show_breadcrumb":"","patiotime_single_page_site_footer_hide_main":"","patiotime_single_custom_site_footer_main_source":"","patiotime_single_custom_site_footer_main":"0","patiotime_single_page_site_footer_hide_above":"","patiotime_single_custom_site_footer_above_source":"","patiotime_single_custom_site_footer_above":"0","patiotime_single_page_site_footer_hide_instagram":"","patiotime_single_page_site_footer_hide_bottom":"","patiotime_single_custom_mobile_menu_source":"","patiotime_single_custom_mobile_menu":"0","patiotime_single_custom_mobile_menu_animation":"","patiotime_single_custom_mobile_menu_width":"","patiotime_single_custom_mobile_menu_custom_width":375,"footnotes":""},"class_list":["post-11","page","type-page","status-publish","hentry"],"yoast_head":"<!-- This site is optimized with the Yoast SEO plugin v26.7 - https:\/\/yoast.com\/wordpress\/plugins\/seo\/ -->\n<title>A Propos - Bijdenboer<\/title>\n<meta name=\"robots\" content=\"index, follow, max-snippet:-1, max-image-preview:large, max-video-preview:-1\" \/>\n<link rel=\"canonical\" href=\"https:\/\/www.bijdenboer.com\/nl\/a-propos\/\" \/>\n<meta property=\"og:locale\" content=\"nl_BE\" \/>\n<meta property=\"og:type\" content=\"article\" \/>\n<meta property=\"og:title\" content=\"A Propos - Bijdenboer\" \/>\n<meta property=\"og:description\" content=\"A Propos de Bij Den Boer Notre histoire Bienvenue dans notre restaurant de fruits de mer et de poisson frais ! Nous sommes ravis de vous accueillir dans notre \u00e9tablissement et de vous faire d\u00e9couvrir notre passion pour les produits de la mer depuis plus de 30 ans. Notre menu a \u00e9t\u00e9 soigneusement \u00e9labor\u00e9 pour ...\" \/>\n<meta property=\"og:url\" content=\"https:\/\/www.bijdenboer.com\/nl\/a-propos\/\" \/>\n<meta property=\"og:site_name\" content=\"Bijdenboer\" \/>\n<meta property=\"article:modified_time\" content=\"2023-04-21T11:56:54+00:00\" \/>\n<meta property=\"og:image\" content=\"https:\/\/www.bijdenboer.com\/wp-content\/uploads\/2023\/03\/logo-1380x302-1-600x131.png\" \/>\n<meta name=\"twitter:card\" content=\"summary_large_image\" \/>\n<meta name=\"twitter:label1\" content=\"Geschatte leestijd\" \/>\n\t<meta name=\"twitter:data1\" content=\"3 minuten\" \/>\n<script type=\"application\/ld+json\" class=\"yoast-schema-graph\">{\"@context\":\"https:\/\/schema.org\",\"@graph\":[{\"@type\":\"WebPage\",\"@id\":\"https:\/\/www.bijdenboer.com\/nl\/a-propos\/\",\"url\":\"https:\/\/www.bijdenboer.com\/nl\/a-propos\/\",\"name\":\"A Propos - Bijdenboer\",\"isPartOf\":{\"@id\":\"https:\/\/www.bijdenboer.com\/#website\"},\"primaryImageOfPage\":{\"@id\":\"https:\/\/www.bijdenboer.com\/nl\/a-propos\/#primaryimage\"},\"image\":{\"@id\":\"https:\/\/www.bijdenboer.com\/nl\/a-propos\/#primaryimage\"},\"thumbnailUrl\":\"https:\/\/www.bijdenboer.com\/wp-content\/uploads\/2023\/03\/logo-1380x302-1-600x131.png\",\"datePublished\":\"2022-04-26T07:29:35+00:00\",\"dateModified\":\"2023-04-21T11:56:54+00:00\",\"breadcrumb\":{\"@id\":\"https:\/\/www.bijdenboer.com\/nl\/a-propos\/#breadcrumb\"},\"inLanguage\":\"nl-BE\",\"potentialAction\":[{\"@type\":\"ReadAction\",\"target\":[\"https:\/\/www.bijdenboer.com\/nl\/a-propos\/\"]}]},{\"@type\":\"ImageObject\",\"inLanguage\":\"nl-BE\",\"@id\":\"https:\/\/www.bijdenboer.com\/nl\/a-propos\/#primaryimage\",\"url\":\"https:\/\/www.bijdenboer.com\/wp-content\/uploads\/2023\/03\/logo-1380x302-1-600x131.png\",\"contentUrl\":\"https:\/\/www.bijdenboer.com\/wp-content\/uploads\/2023\/03\/logo-1380x302-1-600x131.png\"},{\"@type\":\"BreadcrumbList\",\"@id\":\"https:\/\/www.bijdenboer.com\/nl\/a-propos\/#breadcrumb\",\"itemListElement\":[{\"@type\":\"ListItem\",\"position\":1,\"name\":\"Home\",\"item\":\"https:\/\/www.bijdenboer.com\/\"},{\"@type\":\"ListItem\",\"position\":2,\"name\":\"A Propos\"}]},{\"@type\":\"WebSite\",\"@id\":\"https:\/\/www.bijdenboer.com\/#website\",\"url\":\"https:\/\/www.bijdenboer.com\/\",\"name\":\"Bijdenboer\",\"description\":\"Restaurant de poissons\",\"potentialAction\":[{\"@type\":\"SearchAction\",\"target\":{\"@type\":\"EntryPoint\",\"urlTemplate\":\"https:\/\/www.bijdenboer.com\/?s={search_term_string}\"},\"query-input\":{\"@type\":\"PropertyValueSpecification\",\"valueRequired\":true,\"valueName\":\"search_term_string\"}}],\"inLanguage\":\"nl-BE\"}]}<\/script>\n<!-- \/ Yoast SEO plugin. -->","yoast_head_json":{"title":"A Propos - Bijdenboer","robots":{"index":"index","follow":"follow","max-snippet":"max-snippet:-1","max-image-preview":"max-image-preview:large","max-video-preview":"max-video-preview:-1"},"canonical":"https:\/\/www.bijdenboer.com\/nl\/a-propos\/","og_locale":"nl_BE","og_type":"article","og_title":"A Propos - Bijdenboer","og_description":"A Propos de Bij Den Boer Notre histoire Bienvenue dans notre restaurant de fruits de mer et de poisson frais ! Nous sommes ravis de vous accueillir dans notre \u00e9tablissement et de vous faire d\u00e9couvrir notre passion pour les produits de la mer depuis plus de 30 ans. Notre menu a \u00e9t\u00e9 soigneusement \u00e9labor\u00e9 pour ...","og_url":"https:\/\/www.bijdenboer.com\/nl\/a-propos\/","og_site_name":"Bijdenboer","article_modified_time":"2023-04-21T11:56:54+00:00","og_image":[{"url":"https:\/\/www.bijdenboer.com\/wp-content\/uploads\/2023\/03\/logo-1380x302-1-600x131.png","type":"","width":"","height":""}],"twitter_card":"summary_large_image","twitter_misc":{"Geschatte leestijd":"3 minuten"},"schema":{"@context":"https:\/\/schema.org","@graph":[{"@type":"WebPage","@id":"https:\/\/www.bijdenboer.com\/nl\/a-propos\/","url":"https:\/\/www.bijdenboer.com\/nl\/a-propos\/","name":"A Propos - Bijdenboer","isPartOf":{"@id":"https:\/\/www.bijdenboer.com\/#website"},"primaryImageOfPage":{"@id":"https:\/\/www.bijdenboer.com\/nl\/a-propos\/#primaryimage"},"image":{"@id":"https:\/\/www.bijdenboer.com\/nl\/a-propos\/#primaryimage"},"thumbnailUrl":"https:\/\/www.bijdenboer.com\/wp-content\/uploads\/2023\/03\/logo-1380x302-1-600x131.png","datePublished":"2022-04-26T07:29:35+00:00","dateModified":"2023-04-21T11:56:54+00:00","breadcrumb":{"@id":"https:\/\/www.bijdenboer.com\/nl\/a-propos\/#breadcrumb"},"inLanguage":"nl-BE","potentialAction":[{"@type":"ReadAction","target":["https:\/\/www.bijdenboer.com\/nl\/a-propos\/"]}]},{"@type":"ImageObject","inLanguage":"nl-BE","@id":"https:\/\/www.bijdenboer.com\/nl\/a-propos\/#primaryimage","url":"https:\/\/www.bijdenboer.com\/wp-content\/uploads\/2023\/03\/logo-1380x302-1-600x131.png","contentUrl":"https:\/\/www.bijdenboer.com\/wp-content\/uploads\/2023\/03\/logo-1380x302-1-600x131.png"},{"@type":"BreadcrumbList","@id":"https:\/\/www.bijdenboer.com\/nl\/a-propos\/#breadcrumb","itemListElement":[{"@type":"ListItem","position":1,"name":"Home","item":"https:\/\/www.bijdenboer.com\/"},{"@type":"ListItem","position":2,"name":"A Propos"}]},{"@type":"WebSite","@id":"https:\/\/www.bijdenboer.com\/#website","url":"https:\/\/www.bijdenboer.com\/","name":"Bijdenboer","description":"Restaurant de poissons","potentialAction":[{"@type":"SearchAction","target":{"@type":"EntryPoint","urlTemplate":"https:\/\/www.bijdenboer.com\/?s={search_term_string}"},"query-input":{"@type":"PropertyValueSpecification","valueRequired":true,"valueName":"search_term_string"}}],"inLanguage":"nl-BE"}]}},"_links":{"self":[{"href":"https:\/\/www.bijdenboer.com\/nl\/wp-json\/wp\/v2\/pages\/11","targetHints":{"allow":["GET"]}}],"collection":[{"href":"https:\/\/www.bijdenboer.com\/nl\/wp-json\/wp\/v2\/pages"}],"about":[{"href":"https:\/\/www.bijdenboer.com\/nl\/wp-json\/wp\/v2\/types\/page"}],"author":[{"embeddable":true,"href":"https:\/\/www.bijdenboer.com\/nl\/wp-json\/wp\/v2\/users\/2"}],"replies":[{"embeddable":true,"href":"https:\/\/www.bijdenboer.com\/nl\/wp-json\/wp\/v2\/comments?post=11"}],"version-history":[{"count":75,"href":"https:\/\/www.bijdenboer.com\/nl\/wp-json\/wp\/v2\/pages\/11\/revisions"}],"predecessor-version":[{"id":2141,"href":"https:\/\/www.bijdenboer.com\/nl\/wp-json\/wp\/v2\/pages\/11\/revisions\/2141"}],"wp:attachment":[{"href":"https:\/\/www.bijdenboer.com\/nl\/wp-json\/wp\/v2\/media?parent=11"}],"curies":[{"name":"wp","href":"https:\/\/api.w.org\/{rel}","templated":true}]}}